{"id":35510,"date":"2020-08-23T23:55:07","date_gmt":"2020-08-24T03:55:07","guid":{"rendered":"https:\/\/panierdufermier.ca\/?page_id=35510"},"modified":"2026-04-16T21:10:15","modified_gmt":"2026-04-17T01:10:15","slug":"rive-nord-order-form","status":"publish","type":"page","link":"https:\/\/panierdufermier.ca\/?page_id=35510","title":{"rendered":"Rive-Nord Order Form"},"content":{"rendered":"<div class=\"wpb-content-wrapper\"><p>[vc_row][vc_column][vc_column_text uncode_shortcode_id=&#8221;129086&#8243;]<\/p>\n<h6 style=\"text-align: center;\">Pour mieux vous servir, nous avons maintenant 5 points de cueillette (vendredi) sur la Rive-Nord.<\/h6>\n<h6 style=\"text-align: center;\"><strong>1. Sainte-Marthe-sur-le-Lac &#8212; <\/strong><strong>2. Mascouche &#8212; <\/strong><strong>3. Sainte-Anne-des-Plaines &#8212; <\/strong><strong>4. Saint-Eustache (Placer vos commandes avant jeudi 20h)<\/strong><\/h6>\n<h6 style=\"text-align: center;\"><strong>5. Saint-J\u00e9r\u00f4me (Placer vos commandes avant Mardi 20h)<\/strong><\/h6>\n<h6 style=\"text-align: center;\" data-start=\"81\" data-end=\"137\">Livraison disponible tous les vendredis et samedis \/ Delivery is available every Friday and Saturday.<\/h6>\n<h4 style=\"text-align: center;\">Saint-J\u00e9r\u00f4me \u2014 Maintenant disponible<br \/>\nPlacez vos commandes avant mardi 20 h<\/h4>\n<h2 style=\"text-align: center;\">D\u00e9sol\u00e9 &#8211; les commandes pour cette semaine sont termin\u00e9es. Nous prenons les nouvelles commandes \u00e0 partir de 21h lundi le 20 avril 2026!<\/h2>\n<p>[\/vc_column_text][\/vc_column][\/vc_row]<\/p>\n<\/div>","protected":false},"excerpt":{"rendered":"<p>[vc_row][vc_column][vc_column_text uncode_shortcode_id=&#8221;129086&#8243;] Pour mieux vous servir, nous avons maintenant 5 points de cueillette (vendredi) sur la Rive-Nord. 1. Sainte-Marthe-sur-le-Lac &#8212; [&hellip;]<\/p>\n","protected":false},"author":3,"featured_media":0,"parent":0,"menu_order":0,"comment_status":"closed","ping_status":"closed","template":"","meta":{"footnotes":""},"class_list":["post-35510","page","type-page","status-publish","hentry"],"jetpack_sharing_enabled":true,"_links":{"self":[{"href":"https:\/\/panierdufermier.ca\/index.php?rest_route=\/wp\/v2\/pages\/35510","targetHints":{"allow":["GET"]}}],"collection":[{"href":"https:\/\/panierdufermier.ca\/index.php?rest_route=\/wp\/v2\/pages"}],"about":[{"href":"https:\/\/panierdufermier.ca\/index.php?rest_route=\/wp\/v2\/types\/page"}],"author":[{"embeddable":true,"href":"https:\/\/panierdufermier.ca\/index.php?rest_route=\/wp\/v2\/users\/3"}],"replies":[{"embeddable":true,"href":"https:\/\/panierdufermier.ca\/index.php?rest_route=%2Fwp%2Fv2%2Fcomments&post=35510"}],"version-history":[{"count":633,"href":"https:\/\/panierdufermier.ca\/index.php?rest_route=\/wp\/v2\/pages\/35510\/revisions"}],"predecessor-version":[{"id":550126,"href":"https:\/\/panierdufermier.ca\/index.php?rest_route=\/wp\/v2\/pages\/35510\/revisions\/550126"}],"wp:attachment":[{"href":"https:\/\/panierdufermier.ca\/index.php?rest_route=%2Fwp%2Fv2%2Fmedia&parent=35510"}],"curies":[{"name":"wp","href":"https:\/\/api.w.org\/{rel}","templated":true}]}}