{"id":54941,"date":"2020-12-17T00:55:43","date_gmt":"2020-12-17T05:55:43","guid":{"rendered":"https:\/\/panierdufermier.ca\/?page_id=54941"},"modified":"2026-04-09T13:07:35","modified_gmt":"2026-04-09T17:07:35","slug":"christmas-special","status":"publish","type":"page","link":"https:\/\/panierdufermier.ca\/?page_id=54941","title":{"rendered":"Nos Cueillettes \/ Pick-Up Points"},"content":{"rendered":"<div class=\"wpb-content-wrapper\"><p>[vc_row][vc_column][vc_column_text uncode_shortcode_id=&#8221;873581&#8243;]<\/p>\n<h3 style=\"text-align: center;\">Voici tous nos points de cueillette!<\/h3>\n<h3 style=\"text-align: center;\"><span class=\"font-555555\" lang=\"fr\" tabindex=\"0\">Our pick-up points!<\/span><\/h3>\n<p style=\"text-align: center;\"><span class=\"font-555555\"><span style=\"font-family: -apple-system, BlinkMacSystemFont, 'Segoe UI', Roboto, Oxygen-Sans, Ubuntu, Cantarell, 'Helvetica Neue', sans-serif;\"><strong>Courriel:<\/strong> panierdufermier@gmail.com<\/span><\/span><\/p>\n<p style=\"text-align: center;\"><span class=\"font-555555\"><span lang=\"fr\" tabindex=\"0\">Pour toutes les commandes PICK-UP, <\/span><\/span><span class=\"font-555555\" lang=\"fr\" tabindex=\"0\">s&#8217;il vous pla\u00eet r\u00e9cup\u00e9rer votre commande \u00e0<\/span><\/p>\n<h2 style=\"text-align: center;\"><strong>LAVAL<\/strong><\/h2>\n<h4 style=\"text-align: center;\"><strong>Fabreville (Panier du fermier): <\/strong><\/h4>\n<h6 style=\"text-align: center;\"><strong>3151-B Boul. Dagenais Ouest Laval (Fabreville) H7P 1T8<\/strong><strong><br \/>\n(Jeudi et Vendredi 10h <span lang=\"fr\" tabindex=\"0\">\u00e0 19h ou Samedi 10h <\/span><span lang=\"fr\" tabindex=\"0\">\u00e0 14h)<\/span><\/strong><\/h6>\n<h6 style=\"text-align: center;\"><span class=\"JsGRdQ\">Placer vos commandes avant Jeudi 20h<\/span><\/h6>\n<p style=\"text-align: center;\">&#8212;&#8212;&#8212;&#8212;&#8212;&#8212;&#8212;&#8212;&#8212;&#8211;<\/p>\n<h4 style=\"text-align: center;\"><strong>Duvernay (D\u00e9panneur \u00e0 tout prix &#8211; Sp\u00e9cialit\u00e9 Bi\u00e8res):<\/strong><\/h4>\n<h6 style=\"text-align: center;\"><strong>2915 Blvd. de la Concorde E, Laval, QC H7E 2B5<br \/>\n(Jeudi<span lang=\"fr\" tabindex=\"0\"> 11h <\/span><span lang=\"fr\" tabindex=\"0\">\u00e0 20h)<\/span><\/strong><\/h6>\n<h6 style=\"text-align: center;\">(Placer vos commandes avant MERCREDI <strong>17H<\/strong>)<\/h6>\n<p style=\"text-align: center;\">&#8212;&#8212;&#8212;&#8212;&#8212;&#8212;&#8212;&#8212;&#8212;&#8211;<\/p>\n<h4 style=\"text-align: center;\"><strong>Chomedey \/ Sainte-Doroth\u00e9e (Pharmacie Uniprix):<\/strong><\/h4>\n<h6 style=\"text-align: center;\"><strong>4672 Blvd. Saint-Martin O, Laval, QC H7T 2X9<br \/>\n(Jeudi<span lang=\"fr\" tabindex=\"0\"> 15h <\/span><span lang=\"fr\" tabindex=\"0\">\u00e0 19h00)<\/span><\/strong><\/h6>\n<h6 style=\"text-align: center;\">(Placer vos commandes avant MERCREDI <strong>17H<\/strong>)<\/h6>\n<p style=\"text-align: center;\">&#8212;&#8212;&#8212;&#8212;&#8212;&#8212;&#8212;&#8212;&#8212;&#8211;<\/p>\n<h4 style=\"text-align: center;\"><strong>St-Fran\u00e7ois \/ Duvernay-Est (Pharmacie Proxim<\/strong><strong>): <\/strong><\/h4>\n<h6 style=\"text-align: center;\"><strong>8119 Boul L\u00e9vesque E, Laval QC, H7A 1V1<br \/>\n(Jeudi 10h <span lang=\"fr\" tabindex=\"0\">\u00e0 19h<\/span><span lang=\"fr\" tabindex=\"0\">)<\/span><\/strong><\/h6>\n<h6 style=\"text-align: center;\">(Placer vos commandes avant MERCREDI <strong>17H<\/strong>)<\/h6>\n<p style=\"text-align: center;\">&#8212;&#8212;&#8212;&#8212;&#8212;&#8212;&#8212;&#8212;&#8212;&#8212;&#8212;&#8212;&#8212;&#8212;&#8212;&#8212;&#8212;&#8212;&#8212;-<\/p>\n<h2 class=\"LC20lb MBeuO DKV0Md BCF2pd\" style=\"text-align: center;\">Montr\u00e9al<\/h2>\n<h4 style=\"text-align: center;\"><strong>LaSalle (Boulangerie L&#8217;atelier signe Bec-Fin):<\/strong><\/h4>\n<h6 style=\"text-align: center;\"><strong>9553 Rue Jean-Milot, LaSalle, QC H8R 3H6<br \/>\n(Jeudi<span lang=\"fr\" tabindex=\"0\"> 12<\/span><\/strong><strong><span lang=\"fr\" tabindex=\"0\">h <\/span><span lang=\"fr\" tabindex=\"0\">\u00e0 16h30)<\/span><\/strong><\/h6>\n<h6 style=\"text-align: center;\">(Placer vos commandes avant MERCREDI <strong>17H<\/strong>)<\/h6>\n<p style=\"text-align: center;\">&#8212;&#8212;&#8212;&#8212;&#8212;&#8212;&#8212;&#8212;&#8212;&#8211;<\/p>\n<h4 style=\"text-align: center;\"><strong>VILLE SAINT-LAURENT (Action Sport Physio):<\/strong><\/h4>\n<h6 style=\"text-align: center;\"><strong>3300 Boul. de la C\u00f4te-Vertu, Local 110, <\/strong><strong>Saint-Laurent, QC H4R 2B7<br \/>\n(Jeudi<span lang=\"fr\" tabindex=\"0\">\u00a014h <\/span><span lang=\"fr\" tabindex=\"0\">\u00e0 19h)<\/span><\/strong><\/h6>\n<h6 style=\"text-align: center;\">(Placer vos commandes avant MERCREDI <strong>17H<\/strong>)<\/h6>\n<p style=\"text-align: center;\">&#8212;&#8212;&#8212;&#8212;&#8212;&#8212;&#8212;&#8212;&#8212;&#8211;<\/p>\n<h4 style=\"text-align: center;\">Pointe-aux-Trembles <strong>(MAJ Nutrition<\/strong><strong>):<\/strong><\/h4>\n<h6 style=\"text-align: center;\">12129 Rue Victoria, Pointe-aux-Trembles, QC H1B 2R4<br \/>\n(Vendredi 15h \u00e0 18h)<\/h6>\n<h6 style=\"text-align: center;\"><span class=\"JsGRdQ\">(Placer vos commandes avant JEUDI 20H)<\/span><\/h6>\n<p style=\"text-align: center;\">&#8212;&#8212;&#8212;&#8212;&#8212;&#8212;&#8212;&#8212;&#8212;&#8211;<\/p>\n<h4 style=\"text-align: center;\"><strong>Montr\u00e9al-Est: <\/strong>Hochelaga \/ Nouveau-Rosemont <strong>(Action Sport Physio):<\/strong><\/h4>\n<h6 style=\"text-align: center;\">6072 Sherbrooke St E Montr\u00e9al, Quebec H1N 1C1<\/h6>\n<h6 style=\"text-align: center;\"><strong>(Vendredi <span lang=\"fr\" tabindex=\"0\">14h <\/span><span lang=\"fr\" tabindex=\"0\">\u00e0 19h)<\/span><\/strong><\/h6>\n<h6 style=\"text-align: center;\"><span class=\"JsGRdQ\">(Placer vos commandes avant JEUDI 20H)<\/span><\/h6>\n<p style=\"text-align: center;\">&#8212;&#8212;&#8212;&#8212;&#8212;&#8212;&#8212;&#8212;&#8212;&#8211;<\/p>\n<h4 style=\"text-align: center;\"><strong>Montr\u00e9al-Ouest \/ NDG (Action Sport Physio):<\/strong><\/h4>\n<h6 style=\"text-align: center;\"><strong>14 Westminster Ave N local A, <\/strong><strong>Montr\u00e9al <\/strong><strong>West H4X 1Y9<br \/>\n(Jeudi<span lang=\"fr\" tabindex=\"0\"> 13h <\/span><span lang=\"fr\" tabindex=\"0\">\u00e0 19h)<\/span><\/strong><\/h6>\n<h6 style=\"text-align: center;\">(Placer vos commandes avant MERCREDI <strong>17H<\/strong>)<\/h6>\n<p style=\"text-align: center;\">&#8212;&#8212;&#8212;&#8212;&#8212;&#8212;&#8212;&#8212;&#8212;&#8211;<\/p>\n<h4 style=\"text-align: center;\">Rivi\u00e8re-des-Prairies <strong>(Boucherie la petite Italie):<\/strong><\/h4>\n<h6 style=\"text-align: center;\">8278 Bd Maurice-Duplessis Montr\u00e9al, QC H1E 3A3<\/h6>\n<h6 style=\"text-align: center;\"><strong>(Vendredi <span lang=\"fr\" tabindex=\"0\">15h <\/span><span lang=\"fr\" tabindex=\"0\">\u00e0 19h)<\/span><\/strong><\/h6>\n<h6 style=\"text-align: center;\"><span class=\"JsGRdQ\">(Placer vos commandes avant JEUDI 20H)<\/span><\/h6>\n<p style=\"text-align: center;\">&#8212;&#8212;&#8212;&#8212;&#8212;&#8212;&#8212;&#8212;&#8212;&#8212;&#8212;&#8212;&#8212;&#8212;&#8212;&#8212;&#8212;&#8212;&#8212;-<\/p>\n<h2 style=\"text-align: center;\"><strong>West-Island<\/strong><\/h2>\n<h4 style=\"text-align: center;\"><strong>Kirkland (D\u00e9panneur &#8211; Coin \u00e0 chance): <\/strong><\/h4>\n<h6 style=\"text-align: center;\"><strong>3658 Saint-Charles Blvd Kirkland, QC H9H 3C3<\/strong><strong><br \/>\n(<span lang=\"fr\" tabindex=\"0\">Samedi 10h <\/span><span lang=\"fr\" tabindex=\"0\">\u00e0 14h)<\/span><\/strong><\/h6>\n<h6 style=\"text-align: center;\"><span class=\"JsGRdQ\">(Placer vos commandes avant JEUDI 20H)<\/span><\/h6>\n<p style=\"text-align: center;\">&#8212;&#8212;&#8212;&#8212;&#8212;&#8212;&#8212;&#8212;&#8212;&#8211;<\/p>\n<h4 style=\"text-align: center;\"><strong>L&#8217;\u00cele-Perrot \/ Pincourt (Pharmacie Uniprix):<\/strong><\/h4>\n<h6 style=\"text-align: center;\"><strong>111 Boulevard Cardinal L\u00e9ger, Pincourt, QC J7W 3Y3<br \/>\n(Jeudi<span lang=\"fr\" tabindex=\"0\"> 12h <\/span><span lang=\"fr\" tabindex=\"0\">\u00e0 19h)<\/span><\/strong><\/h6>\n<h6 style=\"text-align: center;\">(Placer vos commandes avant MERCREDI <strong>17H<\/strong>)<\/h6>\n<p style=\"text-align: center;\">&#8212;&#8212;&#8212;&#8212;&#8212;&#8212;&#8212;&#8212;&#8212;&#8212;&#8212;&#8212;&#8212;&#8212;&#8212;&#8212;&#8212;&#8212;&#8212;-<\/p>\n<h2 style=\"text-align: center;\"><strong>Rive Nord<\/strong><\/h2>\n<h4 style=\"text-align: center;\">Saint-J\u00e9r\u00f4me <strong>(Prana Cafe<\/strong><strong>):<\/strong><\/h4>\n<h6 style=\"text-align: center;\">9285 Rue Saint-Georges Saint-J\u00e9r\u00f4me, QC J7Z 5A2<\/h6>\n<h6 style=\"text-align: center;\"><strong>(<span lang=\"fr\" tabindex=\"0\">Mercredi 12h <\/span><span lang=\"fr\" tabindex=\"0\">\u00e0 16h)<\/span><\/strong><\/h6>\n<h6 style=\"text-align: center;\"><span class=\"JsGRdQ\">(Placer vos commandes avant MARDI<\/span><span class=\"JsGRdQ\"> 20H)<\/span><\/h6>\n<p style=\"text-align: center;\">&#8212;&#8212;&#8212;&#8212;&#8212;&#8212;&#8212;&#8212;&#8212;&#8211;<\/p>\n<h4 style=\"text-align: center;\">Sainte-Marthe-sur-le-Lac <strong>(<\/strong>Bocaux &amp; co.<strong>):<\/strong><\/h4>\n<h6 style=\"text-align: center;\">2949 Boul. des Promenades, Local 105<br \/>\nSainte-Marthe-sur-le-Lac, QC J0N 1P0<\/h6>\n<h6 style=\"text-align: center;\"><strong>(<span lang=\"fr\" tabindex=\"0\">Vendredi 12h <\/span><span lang=\"fr\" tabindex=\"0\">\u00e0 18h30)<\/span><\/strong><\/h6>\n<h6 style=\"text-align: center;\"><span class=\"JsGRdQ\">(Placer vos commandes avant JEUDI 20H)<\/span><\/h6>\n<p style=\"text-align: center;\">&#8212;&#8212;&#8212;&#8212;&#8212;&#8212;&#8212;&#8212;&#8212;&#8211;<\/p>\n<h4 style=\"text-align: center;\">Saint-Eustache (Pasta Deliziosa!<strong>):<\/strong><\/h4>\n<h6 style=\"text-align: center;\"><strong>148, 25e Av. Saint-Eustache, QC J7P 2V2<br \/>\n(Vendredi<span lang=\"fr\" tabindex=\"0\"> 12h <\/span><span lang=\"fr\" tabindex=\"0\">\u00e0 19h)<\/span><\/strong><\/h6>\n<h6 style=\"text-align: center;\"><span class=\"JsGRdQ\">(Placer vos commandes avant JEUDI 20H)<\/span><\/h6>\n<p style=\"text-align: center;\">&#8212;&#8212;&#8212;&#8212;&#8212;&#8212;&#8212;&#8212;&#8212;&#8211;<\/p>\n<h4 style=\"text-align: center;\"><strong>Mascouche (<\/strong>Eco-Boutique un Monde \u00e0 vie<strong>):<\/strong><\/h4>\n<h6 style=\"text-align: center;\"><strong>160 Mnt Masson, Mascouche, QC J7K 3B5<br \/>\n(Vendredi <span lang=\"fr\" tabindex=\"0\">11h <\/span><span lang=\"fr\" tabindex=\"0\">\u00e0 18h30)<\/span><\/strong><\/h6>\n<h6 style=\"text-align: center;\"><span class=\"JsGRdQ\">(Placer vos commandes avant JEUDI 20H)<\/span><\/h6>\n<p style=\"text-align: center;\">&#8212;&#8212;&#8212;&#8212;&#8212;&#8212;&#8212;&#8212;&#8212;&#8211;<\/p>\n<h4 style=\"text-align: center;\"><strong>Sainte-Anne-des-Plaines (Boutique Rose Balloune<\/strong><strong>):<\/strong><\/h4>\n<h6 style=\"text-align: center;\"><strong>168 boulevard Sainte-Anne, Sainte-Anne-des-Plaines, QC J5N 3P2<br \/>\n(Vendredi<span lang=\"fr\" tabindex=\"0\"> 11h <\/span><span lang=\"fr\" tabindex=\"0\">\u00e0 17h)<\/span><\/strong><\/h6>\n<h6 style=\"text-align: center;\"><span class=\"JsGRdQ\">(Placer vos commandes avant JEUDI 20H)<\/span><\/h6>\n<p style=\"text-align: center;\">&#8212;&#8212;&#8212;&#8212;&#8212;&#8212;&#8212;&#8212;&#8212;&#8212;&#8212;&#8212;&#8212;&#8212;&#8212;&#8212;&#8212;&#8212;&#8212;-<\/p>\n<h2 style=\"text-align: center;\"><strong>Rive Sud<\/strong><\/h2>\n<h4 style=\"text-align: center;\"><strong>Brossard (Brouetique MV<\/strong><strong>): <\/strong><\/h4>\n<h6 style=\"text-align: center;\"><strong>3200 Boul. de Rome, Local 5 Brossard, QC, J4Y 1V9<\/strong><strong><br \/>\n(<span lang=\"fr\" tabindex=\"0\">Samedi 12h <\/span><span lang=\"fr\" tabindex=\"0\">\u00e0 17h)<\/span><\/strong><\/h6>\n<h6 style=\"text-align: center;\"><span class=\"JsGRdQ\">(Placer vos commandes avant JEUDI 20H)<\/span><\/h6>\n<p style=\"text-align: center;\">&#8212;&#8212;&#8212;&#8212;&#8212;&#8212;&#8212;&#8212;&#8212;&#8211;<\/p>\n<h4 style=\"text-align: center;\"><strong>Delson (Depanneur Delson): <\/strong><\/h4>\n<h6 style=\"text-align: center;\"><strong>\u00a063 Bd Georges Gagn\u00e9 S. Delson, Quebec J5B 2E5<br \/>\n(<span lang=\"fr\" tabindex=\"0\">Samedi 11h <\/span><span lang=\"fr\" tabindex=\"0\">\u00e0 17h)<\/span><\/strong><\/h6>\n<h6 style=\"text-align: center;\"><span class=\"JsGRdQ\">(Placer vos commandes avant JEUDI 20H)<\/span><\/h6>\n<p style=\"text-align: center;\">&#8212;&#8212;&#8212;&#8212;&#8212;&#8212;&#8212;&#8212;&#8212;&#8211;<\/p>\n<h4 style=\"text-align: center;\"><strong>La Prairie (Refill\u00a0&amp;\u00a0Co<\/strong><strong>): <\/strong><\/h4>\n<h6 style=\"text-align: center;\"><strong>1503 Chem. de Saint-Jean, La Prairie, QC J5R 2L8<br \/>\n(<span lang=\"fr\" tabindex=\"0\">Samedi 11h <\/span><span lang=\"fr\" tabindex=\"0\">\u00e0 17h)<\/span><\/strong><\/h6>\n<h6 style=\"text-align: center;\"><span class=\"JsGRdQ\">(Placer vos commandes avant JEUDI 20H)<\/span><\/h6>\n<p style=\"text-align: center;\">&#8212;&#8212;&#8212;&#8212;&#8212;&#8212;&#8212;&#8212;&#8212;&#8211;<\/p>\n<h4 style=\"text-align: center;\"><strong>Ch\u00e2teauguay (P\u00e2tisserie Obsession<\/strong><strong>): <\/strong><\/h4>\n<h6 style=\"text-align: center;\"><strong>210 Bd Saint-Francis, <\/strong><strong>Ch\u00e2teauguay, QC J6J 5W5<br \/>\n(<span lang=\"fr\" tabindex=\"0\">Samedi 11h <\/span><span lang=\"fr\" tabindex=\"0\">\u00e0 17h)<\/span><\/strong><\/h6>\n<h6 style=\"text-align: center;\"><span class=\"JsGRdQ\">(Placer vos commandes avant JEUDI 20H)<\/span><\/h6>\n<h4 style=\"text-align: center;\"><span class=\"font-555555\"><strong>Merci et au plaisir!<\/strong><\/span><\/h4>\n<p>[\/vc_column_text][\/vc_column][\/vc_row]<\/p>\n<\/div>","protected":false},"excerpt":{"rendered":"<p>[vc_row][vc_column][vc_column_text uncode_shortcode_id=&#8221;873581&#8243;] Voici tous nos points de cueillette! Our pick-up points! Courriel: panierdufermier@gmail.com Pour toutes les commandes PICK-UP, s&#8217;il vous [&hellip;]<\/p>\n","protected":false},"author":3,"featured_media":0,"parent":0,"menu_order":0,"comment_status":"closed","ping_status":"closed","template":"","meta":{"footnotes":""},"class_list":["post-54941","page","type-page","status-publish","hentry"],"jetpack_sharing_enabled":true,"_links":{"self":[{"href":"https:\/\/panierdufermier.ca\/index.php?rest_route=\/wp\/v2\/pages\/54941","targetHints":{"allow":["GET"]}}],"collection":[{"href":"https:\/\/panierdufermier.ca\/index.php?rest_route=\/wp\/v2\/pages"}],"about":[{"href":"https:\/\/panierdufermier.ca\/index.php?rest_route=\/wp\/v2\/types\/page"}],"author":[{"embeddable":true,"href":"https:\/\/panierdufermier.ca\/index.php?rest_route=\/wp\/v2\/users\/3"}],"replies":[{"embeddable":true,"href":"https:\/\/panierdufermier.ca\/index.php?rest_route=%2Fwp%2Fv2%2Fcomments&post=54941"}],"version-history":[{"count":51,"href":"https:\/\/panierdufermier.ca\/index.php?rest_route=\/wp\/v2\/pages\/54941\/revisions"}],"predecessor-version":[{"id":549201,"href":"https:\/\/panierdufermier.ca\/index.php?rest_route=\/wp\/v2\/pages\/54941\/revisions\/549201"}],"wp:attachment":[{"href":"https:\/\/panierdufermier.ca\/index.php?rest_route=%2Fwp%2Fv2%2Fmedia&parent=54941"}],"curies":[{"name":"wp","href":"https:\/\/api.w.org\/{rel}","templated":true}]}}